{"id":65,"date":"2026-05-04T19:14:48","date_gmt":"2026-05-04T23:14:48","guid":{"rendered":"http:\/\/localhost:8881\/?page_id=65"},"modified":"2026-05-04T20:34:12","modified_gmt":"2026-05-05T00:34:12","slug":"home","status":"publish","type":"page","link":"https:\/\/nexafibresinnovation.com\/","title":{"rendered":"Accueil"},"content":{"rendered":"\n<div class=\"wp-block-cover alignfull is-light hestia-clear-top-padding\"><span aria-hidden=\"true\" class=\"wp-block-cover__background has-white-background-color has-background-dim-100 has-background-dim\"><\/span><div class=\"wp-block-cover__inner-container is-layout-flow wp-block-cover-is-layout-flow\">\n<h2 class=\"wp-block-heading has-text-align-center has-text-color\" style=\"color:#3c4858\">Notre engagement<\/h2>\n\n\n\n<div style=\"height:40px\" aria-hidden=\"true\" class=\"wp-block-spacer\"><\/div>\n\n\n\n<div class=\"wp-block-columns container is-layout-flex wp-container-core-columns-is-layout-28f84493 wp-block-columns-is-layout-flex\">\n<div class=\"wp-block-column is-layout-flow wp-block-column-is-layout-flow\"><div class=\"wp-block-image\">\n<figure class=\"aligncenter size-full\"><img loading=\"lazy\" decoding=\"async\" width=\"75\" height=\"75\" src=\"http:\/\/localhost:8881\/wp-content\/uploads\/2026\/04\/Collaboration-4-Nexa-Fibres-Innovation.png\" alt=\"\" class=\"wp-image-127\" srcset=\"https:\/\/nexafibresinnovation.com\/wp-content\/uploads\/2026\/04\/Collaboration-4-Nexa-Fibres-Innovation.png 75w, https:\/\/nexafibresinnovation.com\/wp-content\/uploads\/2026\/04\/Collaboration-4-Nexa-Fibres-Innovation-12x12.png 12w\" sizes=\"auto, (max-width: 75px) 100vw, 75px\" \/><\/figure>\n<\/div>\n\n\n<h5 class=\"wp-block-heading has-text-align-center has-text-color\" style=\"color:#3c4858;font-size:18px\">La collaboration<\/h5>\n\n\n\n<h2 class=\"wp-block-heading has-text-align-center has-text-color\" style=\"color:#999999;font-size:14px\">Producteurs agricoles, chercheurs, manufacturiers, partenaires travaillent ensemble pour repousser les limites et valoriser pleinement les fibres v\u00e9g\u00e9tales.<\/h2>\n\n\n\n<div style=\"height:25px\" aria-hidden=\"true\" class=\"wp-block-spacer\"><\/div>\n<\/div>\n\n\n\n<div class=\"wp-block-column is-layout-flow wp-block-column-is-layout-flow\"><div class=\"wp-block-image\">\n<figure class=\"aligncenter size-full\"><img loading=\"lazy\" decoding=\"async\" width=\"75\" height=\"75\" src=\"http:\/\/localhost:8881\/wp-content\/uploads\/2026\/04\/Innovation-3-Nexa-Fibres-Innovation.png\" alt=\"\" class=\"wp-image-128\" srcset=\"https:\/\/nexafibresinnovation.com\/wp-content\/uploads\/2026\/04\/Innovation-3-Nexa-Fibres-Innovation.png 75w, https:\/\/nexafibresinnovation.com\/wp-content\/uploads\/2026\/04\/Innovation-3-Nexa-Fibres-Innovation-12x12.png 12w\" sizes=\"auto, (max-width: 75px) 100vw, 75px\" \/><\/figure>\n<\/div>\n\n\n<h5 class=\"wp-block-heading has-text-align-center has-text-color\" style=\"color:#3c4858;font-size:18px\">L&rsquo;innovation et l&rsquo;excellence<\/h5>\n\n\n\n<h2 class=\"wp-block-heading has-text-align-center has-text-color\" style=\"color:#999999;font-size:14px\">Des mat\u00e9riaux biosourc\u00e9s pens\u00e9s pour durer et performer, s\u2019int\u00e9grer naturellement \u00e0 votre processus de fabrication ainsi que r\u00e9duire l\u2019empreinte de vos produits.<\/h2>\n\n\n\n<div style=\"height:25px\" aria-hidden=\"true\" class=\"wp-block-spacer\"><\/div>\n<\/div>\n\n\n\n<div class=\"wp-block-column is-layout-flow wp-block-column-is-layout-flow\"><div class=\"wp-block-image\">\n<figure class=\"aligncenter size-full\"><img loading=\"lazy\" decoding=\"async\" width=\"75\" height=\"75\" src=\"http:\/\/localhost:8881\/wp-content\/uploads\/2026\/04\/Impacts-4-Nexa-Fibre-Innovation.png\" alt=\"\" class=\"wp-image-142\" srcset=\"https:\/\/nexafibresinnovation.com\/wp-content\/uploads\/2026\/04\/Impacts-4-Nexa-Fibre-Innovation.png 75w, https:\/\/nexafibresinnovation.com\/wp-content\/uploads\/2026\/04\/Impacts-4-Nexa-Fibre-Innovation-12x12.png 12w\" sizes=\"auto, (max-width: 75px) 100vw, 75px\" \/><\/figure>\n<\/div>\n\n\n<h5 class=\"wp-block-heading has-text-align-center has-text-color\" style=\"color:#3c4858;font-size:18px\">L&rsquo;environnement et l&rsquo;humain<\/h5>\n\n\n\n<h2 class=\"wp-block-heading has-text-align-center has-text-color\" style=\"color:#999999;font-size:14px\">Le respect de la nature et de la communaut\u00e9 guide nos d\u00e9cisions. &nbsp;Nous offrons des alternatives sans exploitation animale qui contribuent \u00e0 la biodiversit\u00e9.<\/h2>\n\n\n\n<div style=\"height:25px\" aria-hidden=\"true\" class=\"wp-block-spacer\"><\/div>\n<\/div>\n<\/div>\n\n\n\n<div style=\"height:40px\" aria-hidden=\"true\" class=\"wp-block-spacer\"><\/div>\n<\/div><\/div>\n\n\n\n<div class=\"wp-block-columns container is-layout-flex wp-container-core-columns-is-layout-28f84493 wp-block-columns-is-layout-flex\">\n<div class=\"wp-block-column col-md-5 is-layout-flow wp-block-column-is-layout-flow\">\n<div style=\"height:55px\" aria-hidden=\"true\" class=\"wp-block-spacer\"><\/div>\n\n\n\n<h2 class=\"wp-block-heading\" id=\"Apropos\">Nex\u00e4 Fibres Innovation<\/h2>\n\n\n\n<p><strong>Votre partenaire cl\u00e9 dans la transition \u00e9cologique de vos mat\u00e9riaux.<\/strong><\/p>\n\n\n\n<p>Notre mission, cr\u00e9er et commercialiser des mat\u00e9riaux biosourc\u00e9s performants et durables, issus de l&rsquo;agriculture locale pour remplacer les mat\u00e9riaux synth\u00e9tiques sans compromis.<\/p>\n<\/div>\n<\/div>\n","protected":false},"excerpt":{"rendered":"<p>Nex\u00e4 Fibres Innovation Votre partenaire cl\u00e9 dans la transition \u00e9cologique de vos mat\u00e9riaux. Notre mission, cr\u00e9er et commercialiser des mat\u00e9riaux biosourc\u00e9s performants et durables, issus de l&rsquo;agriculture locale pour remplacer les mat\u00e9riaux synth\u00e9tiques sans compromis.<\/p>\n","protected":false},"author":2,"featured_media":83,"parent":0,"menu_order":0,"comment_status":"closed","ping_status":"closed","template":"","meta":{"_themeisle_gutenberg_block_has_review":false,"footnotes":""},"class_list":["post-65","page","type-page","status-publish","has-post-thumbnail","hentry"],"_links":{"self":[{"href":"https:\/\/nexafibresinnovation.com\/index.php\/wp-json\/wp\/v2\/pages\/65","targetHints":{"allow":["GET"]}}],"collection":[{"href":"https:\/\/nexafibresinnovation.com\/index.php\/wp-json\/wp\/v2\/pages"}],"about":[{"href":"https:\/\/nexafibresinnovation.com\/index.php\/wp-json\/wp\/v2\/types\/page"}],"author":[{"embeddable":true,"href":"https:\/\/nexafibresinnovation.com\/index.php\/wp-json\/wp\/v2\/users\/2"}],"replies":[{"embeddable":true,"href":"https:\/\/nexafibresinnovation.com\/index.php\/wp-json\/wp\/v2\/comments?post=65"}],"version-history":[{"count":10,"href":"https:\/\/nexafibresinnovation.com\/index.php\/wp-json\/wp\/v2\/pages\/65\/revisions"}],"predecessor-version":[{"id":210,"href":"https:\/\/nexafibresinnovation.com\/index.php\/wp-json\/wp\/v2\/pages\/65\/revisions\/210"}],"wp:featuredmedia":[{"embeddable":true,"href":"https:\/\/nexafibresinnovation.com\/index.php\/wp-json\/wp\/v2\/media\/83"}],"wp:attachment":[{"href":"https:\/\/nexafibresinnovation.com\/index.php\/wp-json\/wp\/v2\/media?parent=65"}],"curies":[{"name":"wp","href":"https:\/\/api.w.org\/{rel}","templated":true}]}}